{"id":20,"date":"2023-04-15T06:35:52","date_gmt":"2023-04-15T06:35:52","guid":{"rendered":"https:\/\/euro-boutique.donatoanzalone.org\/?post_type=product&#038;p=20"},"modified":"2024-11-10T22:36:36","modified_gmt":"2024-11-10T22:36:36","slug":"laudace-de-la-foi-version-epub","status":"publish","type":"product","link":"https:\/\/euro-boutique.donatoanzalone.org\/index.php\/product\/laudace-de-la-foi-version-epub\/","title":{"rendered":"L&#8217;Audace de la Foi &#8211; Version EPUB"},"content":{"rendered":"<p>Bestseller en francophonie chr\u00e9tienne, l\u2019Audace de la Foi est un livre \u00e0 ne pas manquer, et \u00e0 offrir \u00e0 tous ceux qui ont besoin d\u2019une perc\u00e9e spirituelle dans leur vie.<\/p>\n<p>Dans ce livre, le pasteur partage les principes de foi qu\u2019il a utilis\u00e9 pour apporter la gu\u00e9rison \u00e0 sa fille qui \u00e9tait atteinte d\u2019une maladie incurable la condamnant \u00e0 la chaise roulante, \u00e0 ne pas pouvoir parler ni d\u00e9velopper une motricit\u00e9 fine, et finalement, en g\u00e9n\u00e9ral \u00e0 une mort en pleine adolescence.<\/p>\n<p>Ce que le Seigneur a fait pour la famille du pasteur Donato, il veut aussi le faire pour vous.<\/p>\n<p>Cette nouvelle \u00e9dition est compl\u00e9t\u00e9e par une rubrique: \u201cPour approfondir l\u2019\u00e9tude\u201d apr\u00e8s chaque chaptire. Cette rubrique propose une s\u00e9rie de questions, souvent \u00e0 choix multiple, pour favoriser l\u2019\u00e9tude et la discussion. C\u2019est un outil excellent autant pour l\u2019\u00e9tude personnelle que pour les cellules de maison ou les \u00e9tudes bibliques dans une \u00e9glise.<\/p>\n","protected":false},"excerpt":{"rendered":"<p>Dans ce livre, le pasteur Donato Anzalone partage les principes de foi qu\u2019il a utilis\u00e9 pour apporter la gu\u00e9rison \u00e0 sa fille qui \u00e9tait atteinte d\u2019une maladie incurable la condamnant \u00e0 la chaise roulante, \u00e0 ne pas pouvoir parler ni d\u00e9velopper une motricit\u00e9 fine, et finalement, en g\u00e9n\u00e9ral \u00e0 une mort en pleine adolescence.<\/p>\n","protected":false},"featured_media":30,"comment_status":"open","ping_status":"closed","template":"","meta":{"site-sidebar-layout":"default","site-content-layout":"default","ast-site-content-layout":"default","site-content-style":"default","site-sidebar-style":"default","ast-global-header-display":"","ast-banner-title-visibility":"","ast-main-header-display":"","ast-hfb-above-header-display":"","ast-hfb-below-header-display":"","ast-hfb-mobile-header-display":"","site-post-title":"","ast-breadcrumbs-content":"","ast-featured-img":"","footer-sml-layout":"","theme-transparent-header-meta":"default","adv-header-id-meta":"","stick-header-meta":"","header-above-stick-meta":"","header-main-stick-meta":"","header-below-stick-meta":"","astra-migrate-meta-layouts":"default","ast-page-background-enabled":"default","ast-page-background-meta":{"desktop":{"background-color":"var(--ast-global-color-4)","background-image":"","background-repeat":"repeat","background-position":"center center","background-size":"auto","background-attachment":"scroll","background-type":"","background-media":"","overlay-type":"","overlay-color":"","overlay-opacity":"","overlay-gradient":""},"tablet":{"background-color":"","background-image":"","background-repeat":"repeat","background-position":"center center","background-size":"auto","background-attachment":"scroll","background-type":"","background-media":"","overlay-type":"","overlay-color":"","overlay-opacity":"","overlay-gradient":""},"mobile":{"background-color":"","background-image":"","background-repeat":"repeat","background-position":"center center","background-size":"auto","background-attachment":"scroll","background-type":"","background-media":"","overlay-type":"","overlay-color":"","overlay-opacity":"","overlay-gradient":""}},"ast-content-background-meta":{"desktop":{"background-color":"var(--ast-global-color-5)","background-image":"","background-repeat":"repeat","background-position":"center center","background-size":"auto","background-attachment":"scroll","background-type":"","background-media":"","overlay-type":"","overlay-color":"","overlay-opacity":"","overlay-gradient":""},"tablet":{"background-color":"var(--ast-global-color-5)","background-image":"","background-repeat":"repeat","background-position":"center center","background-size":"auto","background-attachment":"scroll","background-type":"","background-media":"","overlay-type":"","overlay-color":"","overlay-opacity":"","overlay-gradient":""},"mobile":{"background-color":"var(--ast-global-color-5)","background-image":"","background-repeat":"repeat","background-position":"center center","background-size":"auto","background-attachment":"scroll","background-type":"","background-media":"","overlay-type":"","overlay-color":"","overlay-opacity":"","overlay-gradient":""}}},"product_brand":[],"product_cat":[19,21,20],"product_tag":[23,28,22,25,27,24,26],"class_list":{"0":"post-20","1":"product","2":"type-product","3":"status-publish","4":"has-post-thumbnail","6":"product_cat-foi","7":"product_cat-victoire","8":"product_cat-vie-chretienne","9":"product_tag-esprit-de-foi","10":"product_tag-finances","11":"product_tag-foi","12":"product_tag-guerison","13":"product_tag-percee-spirituelle","14":"product_tag-saint-esprit","15":"product_tag-victoire","16":"desktop-align-left","17":"tablet-align-left","18":"mobile-align-left","20":"first","21":"instock","22":"downloadable","23":"shipping-taxable","24":"purchasable","25":"product-type-simple"},"_links":{"self":[{"href":"https:\/\/euro-boutique.donatoanzalone.org\/index.php\/wp-json\/wp\/v2\/product\/20","targetHints":{"allow":["GET"]}}],"collection":[{"href":"https:\/\/euro-boutique.donatoanzalone.org\/index.php\/wp-json\/wp\/v2\/product"}],"about":[{"href":"https:\/\/euro-boutique.donatoanzalone.org\/index.php\/wp-json\/wp\/v2\/types\/product"}],"replies":[{"embeddable":true,"href":"https:\/\/euro-boutique.donatoanzalone.org\/index.php\/wp-json\/wp\/v2\/comments?post=20"}],"wp:featuredmedia":[{"embeddable":true,"href":"https:\/\/euro-boutique.donatoanzalone.org\/index.php\/wp-json\/wp\/v2\/media\/30"}],"wp:attachment":[{"href":"https:\/\/euro-boutique.donatoanzalone.org\/index.php\/wp-json\/wp\/v2\/media?parent=20"}],"wp:term":[{"taxonomy":"product_brand","embeddable":true,"href":"https:\/\/euro-boutique.donatoanzalone.org\/index.php\/wp-json\/wp\/v2\/product_brand?post=20"},{"taxonomy":"product_cat","embeddable":true,"href":"https:\/\/euro-boutique.donatoanzalone.org\/index.php\/wp-json\/wp\/v2\/product_cat?post=20"},{"taxonomy":"product_tag","embeddable":true,"href":"https:\/\/euro-boutique.donatoanzalone.org\/index.php\/wp-json\/wp\/v2\/product_tag?post=20"}],"curies":[{"name":"wp","href":"https:\/\/api.w.org\/{rel}","templated":true}]}}